{"id":137,"date":"2022-10-03T14:06:01","date_gmt":"2022-10-03T12:06:01","guid":{"rendered":"https:\/\/mademoisellehel.fr\/eshop\/?post_type=product&#038;p=137"},"modified":"2025-06-10T10:23:10","modified_gmt":"2025-06-10T08:23:10","slug":"n13-chocolat-au-lait-fourree-de-caramel-au-beurre-sale","status":"publish","type":"product","link":"https:\/\/mademoisellehel.fr\/eshop\/index.php\/produit\/n13-chocolat-au-lait-fourree-de-caramel-au-beurre-sale\/","title":{"rendered":"N\u00b013, Chocolat au lait, fourr\u00e9e de caramel au beurre sal\u00e9"},"content":{"rendered":"<p>Tablette de chocolat au lait 40%, un chocolat doux, cr\u00e9meux et cacaot\u00e9, aux notes de vanille. F\u00e8ves originaires du Ghana et d&#8217;Equateur, fourr\u00e9e de caramel au beurre sal\u00e9 maison, et \u00e9clats de cacahu\u00e8tes.<\/p>\n","protected":false},"excerpt":{"rendered":"<p>Tablette de chocolat au lait 40%, un chocolat doux, cr\u00e9meux et cacaot\u00e9, aux notes de vanille. F\u00e8ves originaires du Ghana et d&#8217;Equateur, fourr\u00e9e de caramel au beurre sal\u00e9 maison, et \u00e9clats de cacahu\u00e8tes.<\/p>\n","protected":false},"featured_media":200,"template":"","meta":{"site-sidebar-layout":"default","site-content-layout":"default","ast-site-content-layout":"default","site-content-style":"default","site-sidebar-style":"default","ast-global-header-display":"","ast-banner-title-visibility":"","ast-main-header-display":"","ast-hfb-above-header-display":"","ast-hfb-below-header-display":"","ast-hfb-mobile-header-display":"","site-post-title":"","ast-breadcrumbs-content":"","ast-featured-img":"","footer-sml-layout":"","ast-disable-related-posts":"","theme-transparent-header-meta":"default","adv-header-id-meta":"","stick-header-meta":"","header-above-stick-meta":"","header-main-stick-meta":"","header-below-stick-meta":"","astra-migrate-meta-layouts":"default","ast-page-background-enabled":"default","ast-page-background-meta":{"desktop":{"background-color":"var(--ast-global-color-4)","background-image":"","background-repeat":"repeat","background-position":"center center","background-size":"auto","background-attachment":"scroll","background-type":"","background-media":"","overlay-type":"","overlay-color":"","overlay-opacity":"","overlay-gradient":""},"tablet":{"background-color":"","background-image":"","background-repeat":"repeat","background-position":"center center","background-size":"auto","background-attachment":"scroll","background-type":"","background-media":"","overlay-type":"","overlay-color":"","overlay-opacity":"","overlay-gradient":""},"mobile":{"background-color":"","background-image":"","background-repeat":"repeat","background-position":"center center","background-size":"auto","background-attachment":"scroll","background-type":"","background-media":"","overlay-type":"","overlay-color":"","overlay-opacity":"","overlay-gradient":""}},"ast-content-background-meta":{"desktop":{"background-color":"var(--ast-global-color-5)","background-image":"","background-repeat":"repeat","background-position":"center center","background-size":"auto","background-attachment":"scroll","background-type":"","background-media":"","overlay-type":"","overlay-color":"","overlay-opacity":"","overlay-gradient":""},"tablet":{"background-color":"var(--ast-global-color-5)","background-image":"","background-repeat":"repeat","background-position":"center center","background-size":"auto","background-attachment":"scroll","background-type":"","background-media":"","overlay-type":"","overlay-color":"","overlay-opacity":"","overlay-gradient":""},"mobile":{"background-color":"var(--ast-global-color-5)","background-image":"","background-repeat":"repeat","background-position":"center center","background-size":"auto","background-attachment":"scroll","background-type":"","background-media":"","overlay-type":"","overlay-color":"","overlay-opacity":"","overlay-gradient":""}}},"product_brand":[],"product_cat":[18],"product_tag":[20],"class_list":{"0":"post-137","1":"product","2":"type-product","3":"status-publish","4":"has-post-thumbnail","6":"product_cat-tablettes","7":"product_tag-lait","8":"desktop-align-left","9":"tablet-align-left","10":"mobile-align-left","12":"first","13":"instock","14":"taxable","15":"shipping-taxable","16":"purchasable","17":"product-type-simple"},"_links":{"self":[{"href":"https:\/\/mademoisellehel.fr\/eshop\/index.php\/wp-json\/wp\/v2\/product\/137","targetHints":{"allow":["GET"]}}],"collection":[{"href":"https:\/\/mademoisellehel.fr\/eshop\/index.php\/wp-json\/wp\/v2\/product"}],"about":[{"href":"https:\/\/mademoisellehel.fr\/eshop\/index.php\/wp-json\/wp\/v2\/types\/product"}],"wp:featuredmedia":[{"embeddable":true,"href":"https:\/\/mademoisellehel.fr\/eshop\/index.php\/wp-json\/wp\/v2\/media\/200"}],"wp:attachment":[{"href":"https:\/\/mademoisellehel.fr\/eshop\/index.php\/wp-json\/wp\/v2\/media?parent=137"}],"wp:term":[{"taxonomy":"product_brand","embeddable":true,"href":"https:\/\/mademoisellehel.fr\/eshop\/index.php\/wp-json\/wp\/v2\/product_brand?post=137"},{"taxonomy":"product_cat","embeddable":true,"href":"https:\/\/mademoisellehel.fr\/eshop\/index.php\/wp-json\/wp\/v2\/product_cat?post=137"},{"taxonomy":"product_tag","embeddable":true,"href":"https:\/\/mademoisellehel.fr\/eshop\/index.php\/wp-json\/wp\/v2\/product_tag?post=137"}],"curies":[{"name":"wp","href":"https:\/\/api.w.org\/{rel}","templated":true}]}}