{"id":1284,"date":"2023-10-05T12:29:17","date_gmt":"2023-10-05T10:29:17","guid":{"rendered":"https:\/\/mademoisellehel.fr\/eshop\/?post_type=product&#038;p=1284"},"modified":"2025-03-27T09:12:28","modified_gmt":"2025-03-27T08:12:28","slug":"coffret-de-truffes-normandes","status":"publish","type":"product","link":"https:\/\/mademoisellehel.fr\/eshop\/index.php\/produit\/coffret-de-truffes-normandes\/","title":{"rendered":"Coffret de truffes normandes"},"content":{"rendered":"","protected":false},"excerpt":{"rendered":"<p>Coffret compos\u00e9 de 16 truffes normandes, un produit bien de Normandie !<\/p>\n<p>Ganache pomme-caramel-Calvados, enrob\u00e9e de chocolat blond caram\u00e9lis\u00e9, puis roul\u00e9e dans de la poudre de pomme.<\/p>\n<p>Un m\u00e9lange qui peut sembler \u00e9tonnant, mais la recette est parfaitement \u00e9quilibr\u00e9e. L&#8217;essayer c&#8217;est l&#8217;adopter !<\/p>\n<p>&nbsp;<\/p>\n<p>! Disponible \u00e0 nouveau \u00e0 partir de samedi 23\/12 vers 13h !<\/p>\n","protected":false},"featured_media":1283,"template":"","meta":{"site-sidebar-layout":"default","site-content-layout":"default","ast-site-content-layout":"default","site-content-style":"default","site-sidebar-style":"default","ast-global-header-display":"","ast-banner-title-visibility":"","ast-main-header-display":"","ast-hfb-above-header-display":"","ast-hfb-below-header-display":"","ast-hfb-mobile-header-display":"","site-post-title":"","ast-breadcrumbs-content":"","ast-featured-img":"","footer-sml-layout":"","ast-disable-related-posts":"","theme-transparent-header-meta":"default","adv-header-id-meta":"","stick-header-meta":"","header-above-stick-meta":"","header-main-stick-meta":"","header-below-stick-meta":"","astra-migrate-meta-layouts":"default","ast-page-background-enabled":"default","ast-page-background-meta":{"desktop":{"background-color":"var(--ast-global-color-4)","background-image":"","background-repeat":"repeat","background-position":"center center","background-size":"auto","background-attachment":"scroll","background-type":"","background-media":"","overlay-type":"","overlay-color":"","overlay-opacity":"","overlay-gradient":""},"tablet":{"background-color":"","background-image":"","background-repeat":"repeat","background-position":"center center","background-size":"auto","background-attachment":"scroll","background-type":"","background-media":"","overlay-type":"","overlay-color":"","overlay-opacity":"","overlay-gradient":""},"mobile":{"background-color":"","background-image":"","background-repeat":"repeat","background-position":"center center","background-size":"auto","background-attachment":"scroll","background-type":"","background-media":"","overlay-type":"","overlay-color":"","overlay-opacity":"","overlay-gradient":""}},"ast-content-background-meta":{"desktop":{"background-color":"var(--ast-global-color-5)","background-image":"","background-repeat":"repeat","background-position":"center center","background-size":"auto","background-attachment":"scroll","background-type":"","background-media":"","overlay-type":"","overlay-color":"","overlay-opacity":"","overlay-gradient":""},"tablet":{"background-color":"var(--ast-global-color-5)","background-image":"","background-repeat":"repeat","background-position":"center center","background-size":"auto","background-attachment":"scroll","background-type":"","background-media":"","overlay-type":"","overlay-color":"","overlay-opacity":"","overlay-gradient":""},"mobile":{"background-color":"var(--ast-global-color-5)","background-image":"","background-repeat":"repeat","background-position":"center center","background-size":"auto","background-attachment":"scroll","background-type":"","background-media":"","overlay-type":"","overlay-color":"","overlay-opacity":"","overlay-gradient":""}}},"product_brand":[],"product_cat":[22],"product_tag":[28,29],"class_list":{"0":"post-1284","1":"product","2":"type-product","3":"status-publish","4":"has-post-thumbnail","6":"product_cat-coffrets","7":"product_tag-coffret","8":"product_tag-decouverte","9":"desktop-align-left","10":"tablet-align-left","11":"mobile-align-left","13":"first","14":"instock","15":"taxable","16":"shipping-taxable","17":"purchasable","18":"product-type-simple"},"_links":{"self":[{"href":"https:\/\/mademoisellehel.fr\/eshop\/index.php\/wp-json\/wp\/v2\/product\/1284","targetHints":{"allow":["GET"]}}],"collection":[{"href":"https:\/\/mademoisellehel.fr\/eshop\/index.php\/wp-json\/wp\/v2\/product"}],"about":[{"href":"https:\/\/mademoisellehel.fr\/eshop\/index.php\/wp-json\/wp\/v2\/types\/product"}],"wp:featuredmedia":[{"embeddable":true,"href":"https:\/\/mademoisellehel.fr\/eshop\/index.php\/wp-json\/wp\/v2\/media\/1283"}],"wp:attachment":[{"href":"https:\/\/mademoisellehel.fr\/eshop\/index.php\/wp-json\/wp\/v2\/media?parent=1284"}],"wp:term":[{"taxonomy":"product_brand","embeddable":true,"href":"https:\/\/mademoisellehel.fr\/eshop\/index.php\/wp-json\/wp\/v2\/product_brand?post=1284"},{"taxonomy":"product_cat","embeddable":true,"href":"https:\/\/mademoisellehel.fr\/eshop\/index.php\/wp-json\/wp\/v2\/product_cat?post=1284"},{"taxonomy":"product_tag","embeddable":true,"href":"https:\/\/mademoisellehel.fr\/eshop\/index.php\/wp-json\/wp\/v2\/product_tag?post=1284"}],"curies":[{"name":"wp","href":"https:\/\/api.w.org\/{rel}","templated":true}]}}