{"id":880,"date":"2023-08-28T17:55:50","date_gmt":"2023-08-28T15:55:50","guid":{"rendered":"https:\/\/mademoisellehel.fr\/eshop\/?page_id=880"},"modified":"2026-03-04T09:03:57","modified_gmt":"2026-03-04T08:03:57","slug":"home","status":"publish","type":"page","link":"https:\/\/mademoisellehel.fr\/eshop\/","title":{"rendered":"Home"},"content":{"rendered":"\t\t<div data-elementor-type=\"wp-page\" data-elementor-id=\"880\" class=\"elementor elementor-880\" data-elementor-post-type=\"page\">\n\t\t\t\t\t\t<section class=\"elementor-section elementor-top-section elementor-element elementor-element-3fd4420 elementor-section-height-min-height elementor-section-boxed elementor-section-height-default elementor-section-items-middle\" data-id=\"3fd4420\" data-element_type=\"section\" data-settings=\"{&quot;background_background&quot;:&quot;classic&quot;}\">\n\t\t\t\t\t\t\t<div class=\"elementor-background-overlay\"><\/div>\n\t\t\t\t\t\t\t<div class=\"elementor-container elementor-column-gap-default\">\n\t\t\t\t\t<div class=\"elementor-column elementor-col-100 elementor-top-column elementor-element elementor-element-7a36f18\" data-id=\"7a36f18\" data-element_type=\"column\" data-settings=\"{&quot;background_background&quot;:&quot;classic&quot;}\">\n\t\t\t<div class=\"elementor-widget-wrap elementor-element-populated\">\n\t\t\t\t\t\t<div class=\"elementor-element elementor-element-e48c6f2 elementor-widget elementor-widget-heading\" data-id=\"e48c6f2\" data-element_type=\"widget\" data-widget_type=\"heading.default\">\n\t\t\t\t<div class=\"elementor-widget-container\">\n\t\t\t\t\t<h2 class=\"elementor-heading-title elementor-size-medium\"><b>Venez d\u00e9couvrir\n<\/b>la boutique<\/h2>\t\t\t\t<\/div>\n\t\t\t\t<\/div>\n\t\t\t\t<div class=\"elementor-element elementor-element-ec0e3e2 elementor-align-center elementor-widget elementor-widget-button\" data-id=\"ec0e3e2\" data-element_type=\"widget\" data-widget_type=\"button.default\">\n\t\t\t\t<div class=\"elementor-widget-container\">\n\t\t\t\t\t\t\t\t\t<div class=\"elementor-button-wrapper\">\n\t\t\t\t\t<a class=\"elementor-button elementor-button-link elementor-size-sm\" href=\"https:\/\/mademoisellehel.fr\/eshop\/index.php\/salon-de-the\/\">\n\t\t\t\t\t\t<span class=\"elementor-button-content-wrapper\">\n\t\t\t\t\t\t<span class=\"elementor-button-icon\">\n\t\t\t\t<i aria-hidden=\"true\" class=\"fas fa-chevron-right\"><\/i>\t\t\t<\/span>\n\t\t\t\t\t\t\t\t\t<span class=\"elementor-button-text\">C'est parti !<\/span>\n\t\t\t\t\t<\/span>\n\t\t\t\t\t<\/a>\n\t\t\t\t<\/div>\n\t\t\t\t\t\t\t\t<\/div>\n\t\t\t\t<\/div>\n\t\t\t\t\t<\/div>\n\t\t<\/div>\n\t\t\t\t\t<\/div>\n\t\t<\/section>\n\t\t\t\t<section class=\"elementor-section elementor-top-section elementor-element elementor-element-dae5b9f elementor-section-boxed elementor-section-height-default elementor-section-height-default\" data-id=\"dae5b9f\" data-element_type=\"section\">\n\t\t\t\t\t\t<div class=\"elementor-container elementor-column-gap-default\">\n\t\t\t\t\t<div class=\"elementor-column elementor-col-100 elementor-top-column elementor-element elementor-element-5da22f3\" data-id=\"5da22f3\" data-element_type=\"column\">\n\t\t\t<div class=\"elementor-widget-wrap elementor-element-populated\">\n\t\t\t\t\t\t\t<\/div>\n\t\t<\/div>\n\t\t\t\t\t<\/div>\n\t\t<\/section>\n\t\t\t\t<section class=\"elementor-section elementor-top-section elementor-element elementor-element-b6ff900 elementor-section-boxed elementor-section-height-default elementor-section-height-default\" data-id=\"b6ff900\" data-element_type=\"section\">\n\t\t\t\t\t\t<div class=\"elementor-container elementor-column-gap-default\">\n\t\t\t\t\t<div class=\"elementor-column elementor-col-100 elementor-top-column elementor-element elementor-element-200b255\" data-id=\"200b255\" data-element_type=\"column\">\n\t\t\t<div class=\"elementor-widget-wrap elementor-element-populated\">\n\t\t\t\t\t\t<div class=\"elementor-element elementor-element-8cbbf47 elementor-widget elementor-widget-heading\" data-id=\"8cbbf47\" data-element_type=\"widget\" data-widget_type=\"heading.default\">\n\t\t\t\t<div class=\"elementor-widget-container\">\n\t\t\t\t\t<h2 class=\"elementor-heading-title elementor-size-default\">Nos best-seller<\/h2>\t\t\t\t<\/div>\n\t\t\t\t<\/div>\n\t\t\t\t\t<\/div>\n\t\t<\/div>\n\t\t\t\t\t<\/div>\n\t\t<\/section>\n\t\t\t\t<section class=\"elementor-section elementor-top-section elementor-element elementor-element-46a18ad elementor-section-boxed elementor-section-height-default elementor-section-height-default\" data-id=\"46a18ad\" data-element_type=\"section\" data-settings=\"{&quot;background_background&quot;:&quot;classic&quot;}\">\n\t\t\t\t\t\t<div class=\"elementor-container elementor-column-gap-default\">\n\t\t\t\t\t<div class=\"elementor-column elementor-col-33 elementor-top-column elementor-element elementor-element-4e1c151\" data-id=\"4e1c151\" data-element_type=\"column\" data-settings=\"{&quot;background_background&quot;:&quot;classic&quot;}\">\n\t\t\t<div class=\"elementor-widget-wrap elementor-element-populated\">\n\t\t\t\t\t\t<div class=\"elementor-element elementor-element-0ae4e0b elementor-widget elementor-widget-image\" data-id=\"0ae4e0b\" data-element_type=\"widget\" data-widget_type=\"image.default\">\n\t\t\t\t<div class=\"elementor-widget-container\">\n\t\t\t\t\t\t\t\t\t\t\t\t\t\t\t\t<a href=\"https:\/\/mademoisellehel.fr\/eshop\/index.php\/produit\/n06-noir-72-noix-de-macadamia-grillees\/\">\n\t\t\t\t\t\t\t<img fetchpriority=\"high\" decoding=\"async\" width=\"772\" height=\"1024\" src=\"https:\/\/mademoisellehel.fr\/eshop\/wp-content\/uploads\/2022\/10\/n6-772x1024.png\" class=\"attachment-large size-large wp-image-483\" alt=\"chocolat noir macadamia\" srcset=\"https:\/\/mademoisellehel.fr\/eshop\/wp-content\/uploads\/2022\/10\/n6-772x1024.png 772w, https:\/\/mademoisellehel.fr\/eshop\/wp-content\/uploads\/2022\/10\/n6-226x300.png 226w, https:\/\/mademoisellehel.fr\/eshop\/wp-content\/uploads\/2022\/10\/n6-768x1019.png 768w, https:\/\/mademoisellehel.fr\/eshop\/wp-content\/uploads\/2022\/10\/n6-600x796.png 600w, https:\/\/mademoisellehel.fr\/eshop\/wp-content\/uploads\/2022\/10\/n6.png 1128w\" sizes=\"(max-width: 772px) 100vw, 772px\" \/>\t\t\t\t\t\t\t\t<\/a>\n\t\t\t\t\t\t\t\t\t\t\t\t\t\t\t<\/div>\n\t\t\t\t<\/div>\n\t\t\t\t<div class=\"elementor-element elementor-element-b213a11 elementor-widget elementor-widget-heading\" data-id=\"b213a11\" data-element_type=\"widget\" data-widget_type=\"heading.default\">\n\t\t\t\t<div class=\"elementor-widget-container\">\n\t\t\t\t\t<h4 class=\"elementor-heading-title elementor-size-default\"><a href=\"https:\/\/mademoisellehel.fr\/eshop\/index.php\/produit\/n06-noir-72-noix-de-macadamia-grillees\/\">NOS incontournables tablettes de chocolat !\n<br>De 6.30\u20ac \u00e0 7.70\u20ac <\/a><\/h4>\t\t\t\t<\/div>\n\t\t\t\t<\/div>\n\t\t\t\t\t<\/div>\n\t\t<\/div>\n\t\t\t\t<div class=\"elementor-column elementor-col-33 elementor-top-column elementor-element elementor-element-d602d01\" data-id=\"d602d01\" data-element_type=\"column\" data-settings=\"{&quot;background_background&quot;:&quot;classic&quot;}\">\n\t\t\t<div class=\"elementor-widget-wrap elementor-element-populated\">\n\t\t\t\t\t\t<div class=\"elementor-element elementor-element-9caac62 elementor-widget elementor-widget-image\" data-id=\"9caac62\" data-element_type=\"widget\" data-widget_type=\"image.default\">\n\t\t\t\t<div class=\"elementor-widget-container\">\n\t\t\t\t\t\t\t\t\t\t\t\t\t\t\t\t<a href=\"https:\/\/mademoisellehel.fr\/eshop\/index.php\/produit\/coffret-de-34-chocolats\/\">\n\t\t\t\t\t\t\t<img decoding=\"async\" width=\"1024\" height=\"768\" src=\"https:\/\/mademoisellehel.fr\/eshop\/wp-content\/uploads\/2022\/10\/IMG_20250722_143950-1024x768.png\" class=\"attachment-large size-large wp-image-1560\" alt=\"Coffret de chocolat\" srcset=\"https:\/\/mademoisellehel.fr\/eshop\/wp-content\/uploads\/2022\/10\/IMG_20250722_143950-1024x768.png 1024w, https:\/\/mademoisellehel.fr\/eshop\/wp-content\/uploads\/2022\/10\/IMG_20250722_143950-300x225.png 300w, https:\/\/mademoisellehel.fr\/eshop\/wp-content\/uploads\/2022\/10\/IMG_20250722_143950-768x576.png 768w, https:\/\/mademoisellehel.fr\/eshop\/wp-content\/uploads\/2022\/10\/IMG_20250722_143950-1536x1152.png 1536w, https:\/\/mademoisellehel.fr\/eshop\/wp-content\/uploads\/2022\/10\/IMG_20250722_143950-2048x1536.png 2048w, https:\/\/mademoisellehel.fr\/eshop\/wp-content\/uploads\/2022\/10\/IMG_20250722_143950-600x450.png 600w\" sizes=\"(max-width: 1024px) 100vw, 1024px\" \/>\t\t\t\t\t\t\t\t<\/a>\n\t\t\t\t\t\t\t\t\t\t\t\t\t\t\t<\/div>\n\t\t\t\t<\/div>\n\t\t\t\t<div class=\"elementor-element elementor-element-c0bc331 elementor-widget elementor-widget-heading\" data-id=\"c0bc331\" data-element_type=\"widget\" data-widget_type=\"heading.default\">\n\t\t\t\t<div class=\"elementor-widget-container\">\n\t\t\t\t\t<h4 class=\"elementor-heading-title elementor-size-default\"><a href=\"https:\/\/mademoisellehel.fr\/eshop\/index.php\/produit\/coffret-de-34-chocolats\/\">Nos magnifiques coffrets remplis de gourmandises ! <br>De 7.80\u20ac \u00e0 41\u20ac<\/a><\/h4>\t\t\t\t<\/div>\n\t\t\t\t<\/div>\n\t\t\t\t\t<\/div>\n\t\t<\/div>\n\t\t\t\t<div class=\"elementor-column elementor-col-33 elementor-top-column elementor-element elementor-element-473de7d\" data-id=\"473de7d\" data-element_type=\"column\" data-settings=\"{&quot;background_background&quot;:&quot;classic&quot;}\">\n\t\t\t<div class=\"elementor-widget-wrap elementor-element-populated\">\n\t\t\t\t\t\t<div class=\"elementor-element elementor-element-e288b39 elementor-widget elementor-widget-image\" data-id=\"e288b39\" data-element_type=\"widget\" data-widget_type=\"image.default\">\n\t\t\t\t<div class=\"elementor-widget-container\">\n\t\t\t\t\t\t\t\t\t\t\t\t\t\t\t\t<a href=\"https:\/\/mademoisellehel.fr\/eshop\/index.php\/produit\/pate-a-tartiner\/\">\n\t\t\t\t\t\t\t<img decoding=\"async\" width=\"842\" height=\"1024\" src=\"https:\/\/mademoisellehel.fr\/eshop\/wp-content\/uploads\/2022\/10\/1634383786079-842x1024.png\" class=\"attachment-large size-large wp-image-453\" alt=\"caramel au beurre sal\u00e9 artisanal\" srcset=\"https:\/\/mademoisellehel.fr\/eshop\/wp-content\/uploads\/2022\/10\/1634383786079-842x1024.png 842w, https:\/\/mademoisellehel.fr\/eshop\/wp-content\/uploads\/2022\/10\/1634383786079-247x300.png 247w, https:\/\/mademoisellehel.fr\/eshop\/wp-content\/uploads\/2022\/10\/1634383786079-768x934.png 768w, https:\/\/mademoisellehel.fr\/eshop\/wp-content\/uploads\/2022\/10\/1634383786079-1263x1536.png 1263w, https:\/\/mademoisellehel.fr\/eshop\/wp-content\/uploads\/2022\/10\/1634383786079-600x729.png 600w, https:\/\/mademoisellehel.fr\/eshop\/wp-content\/uploads\/2022\/10\/1634383786079.png 1275w\" sizes=\"(max-width: 842px) 100vw, 842px\" \/>\t\t\t\t\t\t\t\t<\/a>\n\t\t\t\t\t\t\t\t\t\t\t\t\t\t\t<\/div>\n\t\t\t\t<\/div>\n\t\t\t\t<div class=\"elementor-element elementor-element-a01d7a0 elementor-widget elementor-widget-heading\" data-id=\"a01d7a0\" data-element_type=\"widget\" data-widget_type=\"heading.default\">\n\t\t\t\t<div class=\"elementor-widget-container\">\n\t\t\t\t\t<h4 class=\"elementor-heading-title elementor-size-default\"><a href=\"https:\/\/mademoisellehel.fr\/eshop\/index.php\/produit\/caramel-au-beurre-sale-et-a-la-creme-disigny\/\">Nos d\u00e9licieuses p\u00e2tes \u00e0 tartiner pour toute la famille ! <br>De 6.50\u20ac \u00e0 8.50\u20ac<\/a><\/h4>\t\t\t\t<\/div>\n\t\t\t\t<\/div>\n\t\t\t\t\t<\/div>\n\t\t<\/div>\n\t\t\t\t\t<\/div>\n\t\t<\/section>\n\t\t\t\t<section class=\"elementor-section elementor-top-section elementor-element elementor-element-3eef8df elementor-section-boxed elementor-section-height-default elementor-section-height-default\" data-id=\"3eef8df\" data-element_type=\"section\" data-settings=\"{&quot;background_background&quot;:&quot;classic&quot;}\">\n\t\t\t\t\t\t<div class=\"elementor-container elementor-column-gap-default\">\n\t\t\t\t\t<div class=\"elementor-column elementor-col-50 elementor-top-column elementor-element elementor-element-12cf6d7\" data-id=\"12cf6d7\" data-element_type=\"column\">\n\t\t\t<div class=\"elementor-widget-wrap elementor-element-populated\">\n\t\t\t\t\t\t<div class=\"elementor-element elementor-element-c5371c1 elementor-widget elementor-widget-image\" data-id=\"c5371c1\" data-element_type=\"widget\" data-widget_type=\"image.default\">\n\t\t\t\t<div class=\"elementor-widget-container\">\n\t\t\t\t\t\t\t\t\t\t\t\t\t\t\t<img loading=\"lazy\" decoding=\"async\" width=\"1024\" height=\"768\" src=\"https:\/\/mademoisellehel.fr\/eshop\/wp-content\/uploads\/2023\/08\/hero-1024x768.jpg\" class=\"attachment-large size-large wp-image-882\" alt=\"\" srcset=\"https:\/\/mademoisellehel.fr\/eshop\/wp-content\/uploads\/2023\/08\/hero-1024x768.jpg 1024w, https:\/\/mademoisellehel.fr\/eshop\/wp-content\/uploads\/2023\/08\/hero-300x225.jpg 300w, https:\/\/mademoisellehel.fr\/eshop\/wp-content\/uploads\/2023\/08\/hero-768x576.jpg 768w, https:\/\/mademoisellehel.fr\/eshop\/wp-content\/uploads\/2023\/08\/hero-1536x1152.jpg 1536w, https:\/\/mademoisellehel.fr\/eshop\/wp-content\/uploads\/2023\/08\/hero-600x450.jpg 600w, https:\/\/mademoisellehel.fr\/eshop\/wp-content\/uploads\/2023\/08\/hero.jpg 1600w\" sizes=\"(max-width: 1024px) 100vw, 1024px\" \/>\t\t\t\t\t\t\t\t\t\t\t\t\t\t\t<\/div>\n\t\t\t\t<\/div>\n\t\t\t\t<div class=\"elementor-element elementor-element-51cea9a elementor-widget__width-initial elementor-widget elementor-widget-image\" data-id=\"51cea9a\" data-element_type=\"widget\" data-widget_type=\"image.default\">\n\t\t\t\t<div class=\"elementor-widget-container\">\n\t\t\t\t\t\t\t\t\t\t\t\t\t\t\t<img loading=\"lazy\" decoding=\"async\" width=\"497\" height=\"663\" src=\"https:\/\/mademoisellehel.fr\/eshop\/wp-content\/uploads\/2023\/08\/11.png\" class=\"attachment-large size-large wp-image-952\" alt=\"\" srcset=\"https:\/\/mademoisellehel.fr\/eshop\/wp-content\/uploads\/2023\/08\/11.png 497w, https:\/\/mademoisellehel.fr\/eshop\/wp-content\/uploads\/2023\/08\/11-225x300.png 225w\" sizes=\"(max-width: 497px) 100vw, 497px\" \/>\t\t\t\t\t\t\t\t\t\t\t\t\t\t\t<\/div>\n\t\t\t\t<\/div>\n\t\t\t\t\t<\/div>\n\t\t<\/div>\n\t\t\t\t<div class=\"elementor-column elementor-col-50 elementor-top-column elementor-element elementor-element-692a3fd\" data-id=\"692a3fd\" data-element_type=\"column\">\n\t\t\t<div class=\"elementor-widget-wrap elementor-element-populated\">\n\t\t\t\t\t\t<div class=\"elementor-element elementor-element-6d9a983 elementor-widget elementor-widget-heading\" data-id=\"6d9a983\" data-element_type=\"widget\" data-widget_type=\"heading.default\">\n\t\t\t\t<div class=\"elementor-widget-container\">\n\t\t\t\t\t<h4 class=\"elementor-heading-title elementor-size-default\"><i>Nos valeurs en quelques mots : qualit\u00e9, authenticit\u00e9, durabilit\u00e9. <\/h4>\t\t\t\t<\/div>\n\t\t\t\t<\/div>\n\t\t\t\t<div class=\"elementor-element elementor-element-caf7fac elementor-widget__width-initial elementor-widget elementor-widget-text-editor\" data-id=\"caf7fac\" data-element_type=\"widget\" data-widget_type=\"text-editor.default\">\n\t\t\t\t<div class=\"elementor-widget-container\">\n\t\t\t\t\t\t\t\t\t<p>Mademoiselle Hel est le d\u00e9but d&#8217;une grande aventure. Je m&#8217;applique \u00e0 d\u00e9velopper une marque \u00e0 part enti\u00e8re, reconnue pour la qualit\u00e9 de ses produits et son \u00e9thique humaniste. Les mati\u00e8res premi\u00e8res utilis\u00e9es sont choisies avec pr\u00e9caution pour leur go\u00fbt et leur provenance. Les produits sont locaux autant que possible ; Les \u0153ufs sont issus de poules \u00e9lev\u00e9es en plein air en Normandie. Les farines, le lait, le beurre et les cr\u00e8mes sont \u00e9galement normandes et respectueuses des animaux et de l&#8217;environnement. Le cacao et ses d\u00e9riv\u00e9s proviennent de fournisseurs ayant pour objectif le 100% \u00e9quitable et durable d&#8217;ici 2025. Les emballages sont recyclables ou consign\u00e9s autant que possible, et l&#8217;am\u00e9lioration de ce point est en constante r\u00e9flexion. Pour finir, les produits sont tous fabriqu\u00e9s \u00e0 la main, avec amour et soin dans mon petit laboratoire \u00e0 l&#8217;arri\u00e8re de la boutique.<\/p><p>En esp\u00e9rant vous ravir les papilles, les yeux, et le c\u0153ur&#8230;<\/p>\t\t\t\t\t\t\t\t<\/div>\n\t\t\t\t<\/div>\n\t\t\t\t<div class=\"elementor-element elementor-element-72d52b9 elementor-widget-divider--view-line_text elementor-widget-divider--element-align-left elementor-widget elementor-widget-divider\" data-id=\"72d52b9\" data-element_type=\"widget\" data-widget_type=\"divider.default\">\n\t\t\t\t<div class=\"elementor-widget-container\">\n\t\t\t\t\t\t\t<div class=\"elementor-divider\">\n\t\t\t<span class=\"elementor-divider-separator\">\n\t\t\t\t\t\t\t<span class=\"elementor-divider__text elementor-divider__element\">\n\t\t\t\tPour suivre nos cr\u00e9ations chaque jour \t\t\t\t<\/span>\n\t\t\t\t\t\t<\/span>\n\t\t<\/div>\n\t\t\t\t\t\t<\/div>\n\t\t\t\t<\/div>\n\t\t\t\t<div class=\"elementor-element elementor-element-cc6b0ff elementor-shape-circle e-grid-align-left elementor-grid-0 elementor-widget elementor-widget-social-icons\" data-id=\"cc6b0ff\" data-element_type=\"widget\" data-widget_type=\"social-icons.default\">\n\t\t\t\t<div class=\"elementor-widget-container\">\n\t\t\t\t\t\t\t<div class=\"elementor-social-icons-wrapper elementor-grid\" role=\"list\">\n\t\t\t\t\t\t\t<span class=\"elementor-grid-item\" role=\"listitem\">\n\t\t\t\t\t<a class=\"elementor-icon elementor-social-icon elementor-social-icon-facebook-f elementor-repeater-item-baa3815\" href=\"https:\/\/www.facebook.com\/Chocolaterie.Biscuiterie.Mademoiselle.Hel\/?locale=fr_FR\" target=\"_blank\">\n\t\t\t\t\t\t<span class=\"elementor-screen-only\">Facebook-f<\/span>\n\t\t\t\t\t\t<i aria-hidden=\"true\" class=\"fab fa-facebook-f\"><\/i>\t\t\t\t\t<\/a>\n\t\t\t\t<\/span>\n\t\t\t\t\t\t\t<span class=\"elementor-grid-item\" role=\"listitem\">\n\t\t\t\t\t<a class=\"elementor-icon elementor-social-icon elementor-social-icon-instagram elementor-repeater-item-c630a9e\" href=\"https:\/\/www.instagram.com\/mademoiselle_hel\/?hl=fr\" target=\"_blank\">\n\t\t\t\t\t\t<span class=\"elementor-screen-only\">Instagram<\/span>\n\t\t\t\t\t\t<i aria-hidden=\"true\" class=\"fab fa-instagram\"><\/i>\t\t\t\t\t<\/a>\n\t\t\t\t<\/span>\n\t\t\t\t\t<\/div>\n\t\t\t\t\t\t<\/div>\n\t\t\t\t<\/div>\n\t\t\t\t\t<\/div>\n\t\t<\/div>\n\t\t\t\t\t<\/div>\n\t\t<\/section>\n\t\t\t\t<section class=\"elementor-section elementor-top-section elementor-element elementor-element-02fa465 elementor-section-boxed elementor-section-height-default elementor-section-height-default\" data-id=\"02fa465\" data-element_type=\"section\">\n\t\t\t\t\t\t<div class=\"elementor-container elementor-column-gap-default\">\n\t\t\t\t\t<div class=\"elementor-column elementor-col-100 elementor-top-column elementor-element elementor-element-f2ce156\" data-id=\"f2ce156\" data-element_type=\"column\">\n\t\t\t<div class=\"elementor-widget-wrap elementor-element-populated\">\n\t\t\t\t\t\t<div class=\"elementor-element elementor-element-8192b74 elementor-widget elementor-widget-heading\" data-id=\"8192b74\" data-element_type=\"widget\" data-widget_type=\"heading.default\">\n\t\t\t\t<div class=\"elementor-widget-container\">\n\t\t\t\t\t<h2 class=\"elementor-heading-title elementor-size-default\">Livraison gratuite \u00e0 partir de 90\u20ac d'achats.<\/h2>\t\t\t\t<\/div>\n\t\t\t\t<\/div>\n\t\t\t\t\t<\/div>\n\t\t<\/div>\n\t\t\t\t\t<\/div>\n\t\t<\/section>\n\t\t\t\t<section class=\"elementor-section elementor-top-section elementor-element elementor-element-f2cbb24 elementor-section-boxed elementor-section-height-default elementor-section-height-default\" data-id=\"f2cbb24\" data-element_type=\"section\">\n\t\t\t\t\t\t<div class=\"elementor-container elementor-column-gap-default\">\n\t\t\t\t\t<div class=\"elementor-column elementor-col-100 elementor-top-column elementor-element elementor-element-faaf7fa\" data-id=\"faaf7fa\" data-element_type=\"column\">\n\t\t\t<div class=\"elementor-widget-wrap elementor-element-populated\">\n\t\t\t\t\t\t<div class=\"elementor-element elementor-element-c243aa0 elementor-widget elementor-widget-heading\" data-id=\"c243aa0\" data-element_type=\"widget\" data-widget_type=\"heading.default\">\n\t\t\t\t<div class=\"elementor-widget-container\">\n\t\t\t\t\t<h2 class=\"elementor-heading-title elementor-size-default\">Adresse : 17 rue Saint Michel, 14000 Caen<br>T\u00e9l\u00e9phone : <a href=\"tel:+33760858209\">07.60.85.82.09<a><\/h2>\t\t\t\t<\/div>\n\t\t\t\t<\/div>\n\t\t\t\t\t<\/div>\n\t\t<\/div>\n\t\t\t\t\t<\/div>\n\t\t<\/section>\n\t\t\t\t<section class=\"elementor-section elementor-top-section elementor-element elementor-element-65925f3 elementor-section-boxed elementor-section-height-default elementor-section-height-default\" data-id=\"65925f3\" data-element_type=\"section\">\n\t\t\t\t\t\t<div class=\"elementor-container elementor-column-gap-default\">\n\t\t\t\t\t<div class=\"elementor-column elementor-col-100 elementor-top-column elementor-element elementor-element-80e3724\" data-id=\"80e3724\" data-element_type=\"column\">\n\t\t\t<div class=\"elementor-widget-wrap elementor-element-populated\">\n\t\t\t\t\t\t<div class=\"elementor-element elementor-element-e0e9962 elementor-widget elementor-widget-heading\" data-id=\"e0e9962\" data-element_type=\"widget\" data-widget_type=\"heading.default\">\n\t\t\t\t<div class=\"elementor-widget-container\">\n\t\t\t\t\t<h2 class=\"elementor-heading-title elementor-size-default\">Ajoutez votre titre ici<\/h2>\t\t\t\t<\/div>\n\t\t\t\t<\/div>\n\t\t\t\t\t<\/div>\n\t\t<\/div>\n\t\t\t\t\t<\/div>\n\t\t<\/section>\n\t\t\t\t<\/div>\n\t\t","protected":false},"excerpt":{"rendered":"<p>Venez d\u00e9couvrir la boutique C&#8217;est parti ! Nos best-seller NOS incontournables tablettes de chocolat ! De 6.30\u20ac \u00e0 7.70\u20ac Nos magnifiques coffrets remplis de gourmandises ! De 7.80\u20ac \u00e0 41\u20ac Nos d\u00e9licieuses p\u00e2tes \u00e0 tartiner pour toute la famille ! De 6.50\u20ac \u00e0 8.50\u20ac Nos valeurs en quelques mots : qualit\u00e9, authenticit\u00e9, durabilit\u00e9. Mademoiselle Hel [&hellip;]<\/p>\n","protected":false},"author":2,"featured_media":0,"parent":0,"menu_order":0,"comment_status":"closed","ping_status":"closed","template":"elementor_header_footer","meta":{"site-sidebar-layout":"no-sidebar","site-content-layout":"page-builder","ast-site-content-layout":"full-width-container","site-content-style":"unboxed","site-sidebar-style":"unboxed","ast-global-header-display":"","ast-banner-title-visibility":"","ast-main-header-display":"","ast-hfb-above-header-display":"","ast-hfb-below-header-display":"","ast-hfb-mobile-header-display":"","site-post-title":"disabled","ast-breadcrumbs-content":"","ast-featured-img":"disabled","footer-sml-layout":"","ast-disable-related-posts":"","theme-transparent-header-meta":"","adv-header-id-meta":"","stick-header-meta":"","header-above-stick-meta":"","header-main-stick-meta":"","header-below-stick-meta":"","astra-migrate-meta-layouts":"set","ast-page-background-enabled":"default","ast-page-background-meta":{"desktop":{"background-color":"var(--ast-global-color-4)","background-image":"","background-repeat":"repeat","background-position":"center center","background-size":"auto","background-attachment":"scroll","background-type":"","background-media":"","overlay-type":"","overlay-color":"","overlay-opacity":"","overlay-gradient":""},"tablet":{"background-color":"","background-image":"","background-repeat":"repeat","background-position":"center center","background-size":"auto","background-attachment":"scroll","background-type":"","background-media":"","overlay-type":"","overlay-color":"","overlay-opacity":"","overlay-gradient":""},"mobile":{"background-color":"","background-image":"","background-repeat":"repeat","background-position":"center center","background-size":"auto","background-attachment":"scroll","background-type":"","background-media":"","overlay-type":"","overlay-color":"","overlay-opacity":"","overlay-gradient":""}},"ast-content-background-meta":{"desktop":{"background-color":"var(--ast-global-color-5)","background-image":"","background-repeat":"repeat","background-position":"center center","background-size":"auto","background-attachment":"scroll","background-type":"","background-media":"","overlay-type":"","overlay-color":"","overlay-opacity":"","overlay-gradient":""},"tablet":{"background-color":"var(--ast-global-color-5)","background-image":"","background-repeat":"repeat","background-position":"center center","background-size":"auto","background-attachment":"scroll","background-type":"","background-media":"","overlay-type":"","overlay-color":"","overlay-opacity":"","overlay-gradient":""},"mobile":{"background-color":"var(--ast-global-color-5)","background-image":"","background-repeat":"repeat","background-position":"center center","background-size":"auto","background-attachment":"scroll","background-type":"","background-media":"","overlay-type":"","overlay-color":"","overlay-opacity":"","overlay-gradient":""}},"footnotes":""},"class_list":["post-880","page","type-page","status-publish","hentry"],"_links":{"self":[{"href":"https:\/\/mademoisellehel.fr\/eshop\/index.php\/wp-json\/wp\/v2\/pages\/880","targetHints":{"allow":["GET"]}}],"collection":[{"href":"https:\/\/mademoisellehel.fr\/eshop\/index.php\/wp-json\/wp\/v2\/pages"}],"about":[{"href":"https:\/\/mademoisellehel.fr\/eshop\/index.php\/wp-json\/wp\/v2\/types\/page"}],"author":[{"embeddable":true,"href":"https:\/\/mademoisellehel.fr\/eshop\/index.php\/wp-json\/wp\/v2\/users\/2"}],"replies":[{"embeddable":true,"href":"https:\/\/mademoisellehel.fr\/eshop\/index.php\/wp-json\/wp\/v2\/comments?post=880"}],"version-history":[{"count":243,"href":"https:\/\/mademoisellehel.fr\/eshop\/index.php\/wp-json\/wp\/v2\/pages\/880\/revisions"}],"predecessor-version":[{"id":1722,"href":"https:\/\/mademoisellehel.fr\/eshop\/index.php\/wp-json\/wp\/v2\/pages\/880\/revisions\/1722"}],"wp:attachment":[{"href":"https:\/\/mademoisellehel.fr\/eshop\/index.php\/wp-json\/wp\/v2\/media?parent=880"}],"curies":[{"name":"wp","href":"https:\/\/api.w.org\/{rel}","templated":true}]}}