{"id":600,"date":"2023-03-28T18:53:53","date_gmt":"2023-03-28T16:53:53","guid":{"rendered":"https:\/\/mademoisellehel.fr\/eshop\/?page_id=600"},"modified":"2024-10-07T14:48:58","modified_gmt":"2024-10-07T12:48:58","slug":"carres-gourmands","status":"publish","type":"page","link":"https:\/\/mademoisellehel.fr\/eshop\/index.php\/carres-gourmands\/","title":{"rendered":"Nos carr\u00e9s gourmands"},"content":{"rendered":"\t\t<div data-elementor-type=\"wp-page\" data-elementor-id=\"600\" class=\"elementor elementor-600\" data-elementor-post-type=\"page\">\n\t\t\t\t\t\t<section class=\"elementor-section elementor-top-section elementor-element elementor-element-15af1f3 elementor-section-boxed elementor-section-height-default elementor-section-height-default\" data-id=\"15af1f3\" data-element_type=\"section\">\n\t\t\t\t\t\t<div class=\"elementor-container elementor-column-gap-default\">\n\t\t\t\t\t<div class=\"elementor-column elementor-col-100 elementor-top-column elementor-element elementor-element-22f12041\" data-id=\"22f12041\" data-element_type=\"column\">\n\t\t\t<div class=\"elementor-widget-wrap elementor-element-populated\">\n\t\t\t\t\t\t<div class=\"elementor-element elementor-element-4f226df6 elementor-widget elementor-widget-text-editor\" data-id=\"4f226df6\" data-element_type=\"widget\" data-widget_type=\"text-editor.default\">\n\t\t\t\t<div class=\"elementor-widget-container\">\n\t\t\t\t\t\t\t\t\t<p><\/p>\n<div class=\"wp-block-columns has-black-color has-ast-global-color-6-background-color has-text-color has-background is-layout-flex wp-container-core-columns-is-layout-28f84493 wp-block-columns-is-layout-flex\">\n<p><\/p>\n<div class=\"wp-block-column is-layout-flow wp-block-column-is-layout-flow\" style=\"flex-basis: 25%;\">\n<p><\/p>\n<figure class=\"wp-block-image alignright size-medium\"><img fetchpriority=\"high\" decoding=\"async\" width=\"300\" height=\"240\" class=\"wp-image-659\" src=\"https:\/\/mademoisellehel.fr\/eshop\/wp-content\/uploads\/2023\/05\/11-300x240.png\" alt=\"chocolat jama\u00efque\" srcset=\"https:\/\/mademoisellehel.fr\/eshop\/wp-content\/uploads\/2023\/05\/11-300x240.png 300w, https:\/\/mademoisellehel.fr\/eshop\/wp-content\/uploads\/2023\/05\/11-1024x819.png 1024w, https:\/\/mademoisellehel.fr\/eshop\/wp-content\/uploads\/2023\/05\/11-768x614.png 768w, https:\/\/mademoisellehel.fr\/eshop\/wp-content\/uploads\/2023\/05\/11-1536x1229.png 1536w, https:\/\/mademoisellehel.fr\/eshop\/wp-content\/uploads\/2023\/05\/11-600x480.png 600w, https:\/\/mademoisellehel.fr\/eshop\/wp-content\/uploads\/2023\/05\/11.png 2000w\" sizes=\"(max-width: 300px) 100vw, 300px\" \/><\/figure>\n<p><\/p>\n<\/div>\n<p><\/p>\n<div class=\"wp-block-column is-vertically-aligned-center is-layout-flow wp-block-column-is-layout-flow\" style=\"flex-basis: 80%;\"> N\u00b01 Noir 70% pur Jama\u00efque (cuv\u00e9e rare) (tr\u00e8s doux, notes de fruits blanc, terreux) <\/div>\n<p><\/p>\n<\/div>\n<p><\/p>\n<div class=\"wp-block-columns has-black-color has-ast-global-color-6-background-color has-text-color has-background is-layout-flex wp-container-core-columns-is-layout-28f84493 wp-block-columns-is-layout-flex\">\n<p><\/p>\n<div class=\"wp-block-column is-layout-flow wp-block-column-is-layout-flow\" style=\"flex-basis: 25%;\">\n<p><\/p>\n<figure class=\"wp-block-image alignright size-medium is-resized\"><img decoding=\"async\" width=\"220\" height=\"204\" class=\"wp-image-661\" style=\"width: 220px;\" src=\"https:\/\/mademoisellehel.fr\/eshop\/wp-content\/uploads\/2023\/05\/2-300x278.png\" alt=\"\" srcset=\"https:\/\/mademoisellehel.fr\/eshop\/wp-content\/uploads\/2023\/05\/2-300x278.png 300w, https:\/\/mademoisellehel.fr\/eshop\/wp-content\/uploads\/2023\/05\/2-1024x947.png 1024w, https:\/\/mademoisellehel.fr\/eshop\/wp-content\/uploads\/2023\/05\/2-768x710.png 768w, https:\/\/mademoisellehel.fr\/eshop\/wp-content\/uploads\/2023\/05\/2-1536x1421.png 1536w, https:\/\/mademoisellehel.fr\/eshop\/wp-content\/uploads\/2023\/05\/2-600x555.png 600w, https:\/\/mademoisellehel.fr\/eshop\/wp-content\/uploads\/2023\/05\/2.png 1908w\" sizes=\"(max-width: 220px) 100vw, 220px\" \/><\/figure>\n<p><\/p>\n<\/div>\n<p><\/p>\n<div class=\"wp-block-column is-vertically-aligned-center is-layout-flow wp-block-column-is-layout-flow\" style=\"flex-basis: 80%;\"> N\u00b02 Noir 72% pur Venezuela (d\u00e9licat et bois\u00e9) <\/div>\n<p><\/p>\n<\/div>\n<p><\/p>\n<div class=\"wp-block-columns has-black-color has-ast-global-color-6-background-color has-text-color has-background is-layout-flex wp-container-core-columns-is-layout-28f84493 wp-block-columns-is-layout-flex\">\n<p><\/p>\n<div class=\"wp-block-column is-layout-flow wp-block-column-is-layout-flow\" style=\"flex-basis: 25%;\">\n<p><\/p>\n<figure class=\"wp-block-image alignright size-medium is-resized\"><img decoding=\"async\" width=\"220\" height=\"206\" class=\"wp-image-615\" style=\"width: 220px;\" src=\"https:\/\/mademoisellehel.fr\/eshop\/wp-content\/uploads\/2023\/03\/3-300x281.png\" alt=\"\" srcset=\"https:\/\/mademoisellehel.fr\/eshop\/wp-content\/uploads\/2023\/03\/3-300x281.png 300w, https:\/\/mademoisellehel.fr\/eshop\/wp-content\/uploads\/2023\/03\/3-1024x959.png 1024w, https:\/\/mademoisellehel.fr\/eshop\/wp-content\/uploads\/2023\/03\/3-768x720.png 768w, https:\/\/mademoisellehel.fr\/eshop\/wp-content\/uploads\/2023\/03\/3-1536x1439.png 1536w, https:\/\/mademoisellehel.fr\/eshop\/wp-content\/uploads\/2023\/03\/3-600x562.png 600w, https:\/\/mademoisellehel.fr\/eshop\/wp-content\/uploads\/2023\/03\/3.png 1855w\" sizes=\"(max-width: 220px) 100vw, 220px\" \/><\/figure>\n<p><\/p>\n<\/div>\n<p><\/p>\n<div class=\"wp-block-column is-vertically-aligned-center is-layout-flow wp-block-column-is-layout-flow\" style=\"flex-basis: 80%;\"> N\u00b03 Noir 74% pur Madagascar (cors\u00e9 , notes de fruits murs) <\/div>\n<p><\/p>\n<\/div>\n<p><\/p>\n<div class=\"wp-block-columns has-black-color has-ast-global-color-6-background-color has-text-color has-background is-layout-flex wp-container-core-columns-is-layout-28f84493 wp-block-columns-is-layout-flex\">\n<p><\/p>\n<div class=\"wp-block-column is-layout-flow wp-block-column-is-layout-flow\" style=\"flex-basis: 25%;\">\n<p><\/p>\n<figure class=\"wp-block-image alignright size-medium is-resized\"><img loading=\"lazy\" decoding=\"async\" width=\"270\" height=\"219\" class=\"wp-image-616\" style=\"width: 270px;\" src=\"https:\/\/mademoisellehel.fr\/eshop\/wp-content\/uploads\/2023\/03\/4-300x243.png\" alt=\"\" srcset=\"https:\/\/mademoisellehel.fr\/eshop\/wp-content\/uploads\/2023\/03\/4-300x243.png 300w, https:\/\/mademoisellehel.fr\/eshop\/wp-content\/uploads\/2023\/03\/4-1024x828.png 1024w, https:\/\/mademoisellehel.fr\/eshop\/wp-content\/uploads\/2023\/03\/4-768x621.png 768w, https:\/\/mademoisellehel.fr\/eshop\/wp-content\/uploads\/2023\/03\/4-1536x1243.png 1536w, https:\/\/mademoisellehel.fr\/eshop\/wp-content\/uploads\/2023\/03\/4-600x485.png 600w, https:\/\/mademoisellehel.fr\/eshop\/wp-content\/uploads\/2023\/03\/4.png 2000w\" sizes=\"(max-width: 270px) 100vw, 270px\" \/><\/figure>\n<p><\/p>\n<\/div>\n<p><\/p>\n<div class=\"wp-block-column is-vertically-aligned-center is-layout-flow wp-block-column-is-layout-flow\" style=\"flex-basis: 80%;\"> N\u00b04 Noir 75% pur B\u00e9lize (acide, notes de fruits rouges tr\u00e8s prononc\u00e9es) <\/div>\n<p><\/p>\n<\/div>\n<p><\/p>\n<div class=\"wp-block-columns has-black-color has-ast-global-color-6-background-color has-text-color has-background is-layout-flex wp-container-core-columns-is-layout-28f84493 wp-block-columns-is-layout-flex\">\n<p><\/p>\n<div class=\"wp-block-column is-layout-flow wp-block-column-is-layout-flow\" style=\"flex-basis: 25%;\">\n<p><\/p>\n<figure class=\"wp-block-image aligncenter size-medium is-resized\"><img loading=\"lazy\" decoding=\"async\" width=\"170\" height=\"173\" class=\"wp-image-610\" style=\"width: 170px;\" src=\"https:\/\/mademoisellehel.fr\/eshop\/wp-content\/uploads\/2023\/03\/5-294x300.png\" alt=\"\" srcset=\"https:\/\/mademoisellehel.fr\/eshop\/wp-content\/uploads\/2023\/03\/5-294x300.png 294w, https:\/\/mademoisellehel.fr\/eshop\/wp-content\/uploads\/2023\/03\/5-1003x1024.png 1003w, https:\/\/mademoisellehel.fr\/eshop\/wp-content\/uploads\/2023\/03\/5-768x784.png 768w, https:\/\/mademoisellehel.fr\/eshop\/wp-content\/uploads\/2023\/03\/5-600x612.png 600w, https:\/\/mademoisellehel.fr\/eshop\/wp-content\/uploads\/2023\/03\/5.png 1016w\" sizes=\"(max-width: 170px) 100vw, 170px\" \/><\/figure>\n<p><\/p>\n<\/div>\n<p><\/p>\n<div class=\"wp-block-column is-vertically-aligned-center is-layout-flow wp-block-column-is-layout-flow\" style=\"flex-basis: 80%;\"> N\u00b05 Noir 85% mariage d&#8217;Afrique de l&#8217;Ouest (peu amer, fort go\u00fbt de cacao) <\/div>\n<p><\/p>\n<\/div>\n<p><\/p>\n<div class=\"wp-block-columns has-black-color has-ast-global-color-6-background-color has-text-color has-background is-layout-flex wp-container-core-columns-is-layout-28f84493 wp-block-columns-is-layout-flex\">\n<p><\/p>\n<div class=\"wp-block-column is-layout-flow wp-block-column-is-layout-flow\" style=\"flex-basis: 25%;\">\n<p><\/p>\n<figure class=\"wp-block-image aligncenter size-medium is-resized\"><img loading=\"lazy\" decoding=\"async\" width=\"190\" height=\"173\" class=\"wp-image-611\" style=\"width: 190px;\" src=\"https:\/\/mademoisellehel.fr\/eshop\/wp-content\/uploads\/2023\/03\/7-300x273.png\" alt=\"\" srcset=\"https:\/\/mademoisellehel.fr\/eshop\/wp-content\/uploads\/2023\/03\/7-300x273.png 300w, https:\/\/mademoisellehel.fr\/eshop\/wp-content\/uploads\/2023\/03\/7-768x700.png 768w, https:\/\/mademoisellehel.fr\/eshop\/wp-content\/uploads\/2023\/03\/7-600x547.png 600w, https:\/\/mademoisellehel.fr\/eshop\/wp-content\/uploads\/2023\/03\/7.png 969w\" sizes=\"(max-width: 190px) 100vw, 190px\" \/><\/figure>\n<p><\/p>\n<\/div>\n<p><\/p>\n<div class=\"wp-block-column is-vertically-aligned-center is-layout-flow wp-block-column-is-layout-flow\" style=\"flex-basis: 80%;\"> N\u00b07 Noir 72%, noix de p\u00e9can caram\u00e9lis\u00e9es, fleur de sel<br \/><\/div>\n<div><img loading=\"lazy\" decoding=\"async\" class=\"wp-image-1415 alignleft\" src=\"https:\/\/mademoisellehel.fr\/eshop\/wp-content\/uploads\/2024\/08\/1722854685169-296x300.png\" alt=\"\" width=\"198\" height=\"200\" srcset=\"https:\/\/mademoisellehel.fr\/eshop\/wp-content\/uploads\/2024\/08\/1722854685169-296x300.png 296w, https:\/\/mademoisellehel.fr\/eshop\/wp-content\/uploads\/2024\/08\/1722854685169-768x779.png 768w, https:\/\/mademoisellehel.fr\/eshop\/wp-content\/uploads\/2024\/08\/1722854685169-600x608.png 600w, https:\/\/mademoisellehel.fr\/eshop\/wp-content\/uploads\/2024\/08\/1722854685169-100x100.png 100w, https:\/\/mademoisellehel.fr\/eshop\/wp-content\/uploads\/2024\/08\/1722854685169.png 860w\" sizes=\"(max-width: 198px) 100vw, 198px\" \/><\/div>\n<div>N\u00b07bis Noir 74%, pistaches, noisettes et f\u00e8ves de cacao<\/div>\n<p><\/p>\n<\/div>\n<p><\/p>\n<div class=\"wp-block-columns has-black-color has-ast-global-color-6-background-color has-text-color has-background is-layout-flex wp-container-core-columns-is-layout-28f84493 wp-block-columns-is-layout-flex\">\n<p><\/p>\n<div class=\"wp-block-column is-layout-flow wp-block-column-is-layout-flow\" style=\"flex-basis: 25%;\">\n<p><\/p>\n<figure class=\"wp-block-image aligncenter size-medium is-resized\"><img loading=\"lazy\" decoding=\"async\" class=\"alignnone wp-image-1444 size-medium\" style=\"width: 180px;\" src=\"https:\/\/mademoisellehel.fr\/eshop\/wp-content\/uploads\/2024\/10\/1722854685175-300x298.png\" alt=\"pralin\u00e9 noir \" width=\"300\" height=\"298\" srcset=\"https:\/\/mademoisellehel.fr\/eshop\/wp-content\/uploads\/2024\/10\/1722854685175-300x298.png 300w, https:\/\/mademoisellehel.fr\/eshop\/wp-content\/uploads\/2024\/10\/1722854685175-150x150.png 150w, https:\/\/mademoisellehel.fr\/eshop\/wp-content\/uploads\/2024\/10\/1722854685175-768x762.png 768w, https:\/\/mademoisellehel.fr\/eshop\/wp-content\/uploads\/2024\/10\/1722854685175-600x595.png 600w, https:\/\/mademoisellehel.fr\/eshop\/wp-content\/uploads\/2024\/10\/1722854685175-100x100.png 100w, https:\/\/mademoisellehel.fr\/eshop\/wp-content\/uploads\/2024\/10\/1722854685175.png 899w\" sizes=\"(max-width: 300px) 100vw, 300px\" \/><\/figure>\n<p><\/p>\n<\/div>\n<p><\/p>\n<div class=\"wp-block-column is-vertically-aligned-center is-layout-flow wp-block-column-is-layout-flow\" style=\"flex-basis: 80%;\"> N\u00b09 Noir 64% pralin\u00e9 feuilletine<\/div>\n<p><\/p>\n<\/div>\n<p><\/p>\n<div class=\"wp-block-columns has-black-color has-ast-global-color-6-background-color has-text-color has-background is-layout-flex wp-container-core-columns-is-layout-28f84493 wp-block-columns-is-layout-flex\">\n<p><\/p>\n<div class=\"wp-block-column is-layout-flow wp-block-column-is-layout-flow\" style=\"flex-basis: 25%;\">\n<p><\/p>\n<figure class=\"wp-block-image aligncenter size-medium is-resized\"><img loading=\"lazy\" decoding=\"async\" class=\"alignnone wp-image-1443 size-medium\" style=\"width: 180px;\" src=\"https:\/\/mademoisellehel.fr\/eshop\/wp-content\/uploads\/2024\/10\/1722854685161-300x296.png\" alt=\"ombr\u00e9\" width=\"300\" height=\"296\" srcset=\"https:\/\/mademoisellehel.fr\/eshop\/wp-content\/uploads\/2024\/10\/1722854685161-300x296.png 300w, https:\/\/mademoisellehel.fr\/eshop\/wp-content\/uploads\/2024\/10\/1722854685161-768x758.png 768w, https:\/\/mademoisellehel.fr\/eshop\/wp-content\/uploads\/2024\/10\/1722854685161-600x592.png 600w, https:\/\/mademoisellehel.fr\/eshop\/wp-content\/uploads\/2024\/10\/1722854685161-100x100.png 100w, https:\/\/mademoisellehel.fr\/eshop\/wp-content\/uploads\/2024\/10\/1722854685161.png 830w\" sizes=\"(max-width: 300px) 100vw, 300px\" \/><\/figure>\n<figure class=\"wp-block-image aligncenter size-medium is-resized\">Ombr\u00e9 53% pur Br\u00e9sil (mi lait mi noir)<\/figure>\n<figure><\/figure>\n<p><\/p>\n<\/div>\n<p><\/p>\n<div class=\"wp-block-column is-vertically-aligned-center is-layout-flow wp-block-column-is-layout-flow\" style=\"flex-basis: 80%;\"><\/div>\n<p><\/p>\n<\/div>\n<p><\/p>\n<div class=\"wp-block-columns has-black-color has-ast-global-color-6-background-color has-text-color has-background is-layout-flex wp-container-core-columns-is-layout-28f84493 wp-block-columns-is-layout-flex\">\n<p><\/p>\n<div class=\"wp-block-column is-layout-flow wp-block-column-is-layout-flow\" style=\"flex-basis: 25%;\">\n<p><\/p>\n<figure class=\"wp-block-image aligncenter size-medium is-resized\"><img loading=\"lazy\" decoding=\"async\" width=\"190\" height=\"179\" class=\"wp-image-618\" style=\"width: 190px;\" src=\"https:\/\/mademoisellehel.fr\/eshop\/wp-content\/uploads\/2023\/03\/11-300x282.png\" alt=\"\" srcset=\"https:\/\/mademoisellehel.fr\/eshop\/wp-content\/uploads\/2023\/03\/11-300x282.png 300w, https:\/\/mademoisellehel.fr\/eshop\/wp-content\/uploads\/2023\/03\/11-768x721.png 768w, https:\/\/mademoisellehel.fr\/eshop\/wp-content\/uploads\/2023\/03\/11-600x563.png 600w, https:\/\/mademoisellehel.fr\/eshop\/wp-content\/uploads\/2023\/03\/11.png 811w\" sizes=\"(max-width: 190px) 100vw, 190px\" \/><\/figure>\n<p><\/p>\n<\/div>\n<p><\/p>\n<div class=\"wp-block-column is-vertically-aligned-center is-layout-flow wp-block-column-is-layout-flow\" style=\"flex-basis: 80%;\"> N\u00b011 Lait Gianduja (aux noisettes du Lot-et-Garonne) <\/div>\n<p><\/p>\n<\/div>\n<p><\/p>\n<div class=\"wp-block-columns has-black-color has-ast-global-color-6-background-color has-text-color has-background is-layout-flex wp-container-core-columns-is-layout-28f84493 wp-block-columns-is-layout-flex\">\n<p><\/p>\n<div class=\"wp-block-column is-layout-flow wp-block-column-is-layout-flow\" style=\"flex-basis: 25%;\">\n<p><\/p>\n<figure class=\"wp-block-image aligncenter size-medium is-resized\"><img loading=\"lazy\" decoding=\"async\" width=\"190\" height=\"174\" class=\"wp-image-619\" style=\"width: 190px;\" src=\"https:\/\/mademoisellehel.fr\/eshop\/wp-content\/uploads\/2023\/03\/12-300x275.png\" alt=\"\" srcset=\"https:\/\/mademoisellehel.fr\/eshop\/wp-content\/uploads\/2023\/03\/12-300x275.png 300w, https:\/\/mademoisellehel.fr\/eshop\/wp-content\/uploads\/2023\/03\/12-1024x940.png 1024w, https:\/\/mademoisellehel.fr\/eshop\/wp-content\/uploads\/2023\/03\/12-768x705.png 768w, https:\/\/mademoisellehel.fr\/eshop\/wp-content\/uploads\/2023\/03\/12-600x551.png 600w, https:\/\/mademoisellehel.fr\/eshop\/wp-content\/uploads\/2023\/03\/12.png 1062w\" sizes=\"(max-width: 190px) 100vw, 190px\" \/><\/figure>\n<p><\/p>\n<\/div>\n<p><\/p>\n<div class=\"wp-block-column is-vertically-aligned-center is-layout-flow wp-block-column-is-layout-flow\" style=\"flex-basis: 80%;\"> N\u00b012 Lait, \u00e9clats de noisettes <\/div>\n<p><\/p>\n<\/div>\n<p><\/p>\n<div class=\"wp-block-columns has-black-color has-ast-global-color-6-background-color has-text-color has-background is-layout-flex wp-container-core-columns-is-layout-28f84493 wp-block-columns-is-layout-flex\">\n<p><\/p>\n<div class=\"wp-block-column is-layout-flow wp-block-column-is-layout-flow\" style=\"flex-basis: 25%;\">\n<p><\/p>\n<figure class=\"wp-block-image aligncenter size-medium is-resized\"><img loading=\"lazy\" decoding=\"async\" width=\"190\" height=\"185\" class=\"wp-image-620\" style=\"width: 190px;\" src=\"https:\/\/mademoisellehel.fr\/eshop\/wp-content\/uploads\/2023\/03\/15-300x292.png\" alt=\"\" srcset=\"https:\/\/mademoisellehel.fr\/eshop\/wp-content\/uploads\/2023\/03\/15-300x292.png 300w, https:\/\/mademoisellehel.fr\/eshop\/wp-content\/uploads\/2023\/03\/15-1024x996.png 1024w, https:\/\/mademoisellehel.fr\/eshop\/wp-content\/uploads\/2023\/03\/15-768x747.png 768w, https:\/\/mademoisellehel.fr\/eshop\/wp-content\/uploads\/2023\/03\/15-600x583.png 600w, https:\/\/mademoisellehel.fr\/eshop\/wp-content\/uploads\/2023\/03\/15.png 1198w\" sizes=\"(max-width: 190px) 100vw, 190px\" \/><\/figure>\n<p><\/p>\n<\/div>\n<p><\/p>\n<div class=\"wp-block-column is-vertically-aligned-center is-layout-flow wp-block-column-is-layout-flow\" style=\"flex-basis: 80%;\"> N\u00b015 Lait Gianduja, \u00e9clats de pistaches <\/div>\n<p><\/p>\n<\/div>\n<p><\/p>\n<div class=\"wp-block-columns has-black-color has-ast-global-color-6-background-color has-text-color has-background is-layout-flex wp-container-core-columns-is-layout-28f84493 wp-block-columns-is-layout-flex\">\n<p><\/p>\n<div class=\"wp-block-column is-layout-flow wp-block-column-is-layout-flow\" style=\"flex-basis: 25%;\">\n<p><\/p>\n<figure class=\"wp-block-image aligncenter size-medium is-resized\"><img loading=\"lazy\" decoding=\"async\" width=\"190\" height=\"184\" class=\"wp-image-621\" style=\"width: 190px;\" src=\"https:\/\/mademoisellehel.fr\/eshop\/wp-content\/uploads\/2023\/03\/16-300x291.png\" alt=\"\" srcset=\"https:\/\/mademoisellehel.fr\/eshop\/wp-content\/uploads\/2023\/03\/16-300x291.png 300w, https:\/\/mademoisellehel.fr\/eshop\/wp-content\/uploads\/2023\/03\/16-1024x994.png 1024w, https:\/\/mademoisellehel.fr\/eshop\/wp-content\/uploads\/2023\/03\/16-768x746.png 768w, https:\/\/mademoisellehel.fr\/eshop\/wp-content\/uploads\/2023\/03\/16-600x583.png 600w, https:\/\/mademoisellehel.fr\/eshop\/wp-content\/uploads\/2023\/03\/16.png 1036w\" sizes=\"(max-width: 190px) 100vw, 190px\" \/><\/figure>\n<p><\/p>\n<\/div>\n<p><\/p>\n<div class=\"wp-block-column is-vertically-aligned-center is-layout-flow wp-block-column-is-layout-flow\" style=\"flex-basis: 80%;\"> N\u00b016 Lait caramel, noix de cajou, fleur de sel <\/div>\n<p><\/p>\n<\/div>\n<p><\/p>\n<div class=\"wp-block-columns has-black-color has-ast-global-color-6-background-color has-text-color has-background is-layout-flex wp-container-core-columns-is-layout-28f84493 wp-block-columns-is-layout-flex\">\n<p><\/p>\n<div class=\"wp-block-column is-layout-flow wp-block-column-is-layout-flow\" style=\"flex-basis: 25%;\">\n<p><\/p>\n<figure class=\"wp-block-image aligncenter size-medium is-resized\"><img loading=\"lazy\" decoding=\"async\" class=\"alignnone wp-image-612 size-medium\" style=\"width: 190px;\" src=\"https:\/\/mademoisellehel.fr\/eshop\/wp-content\/uploads\/2023\/03\/9-300x267.png\" alt=\"\" width=\"300\" height=\"267\" srcset=\"https:\/\/mademoisellehel.fr\/eshop\/wp-content\/uploads\/2023\/03\/9-300x267.png 300w, https:\/\/mademoisellehel.fr\/eshop\/wp-content\/uploads\/2023\/03\/9-1024x912.png 1024w, https:\/\/mademoisellehel.fr\/eshop\/wp-content\/uploads\/2023\/03\/9-768x684.png 768w, https:\/\/mademoisellehel.fr\/eshop\/wp-content\/uploads\/2023\/03\/9-600x534.png 600w, https:\/\/mademoisellehel.fr\/eshop\/wp-content\/uploads\/2023\/03\/9.png 1071w\" sizes=\"(max-width: 300px) 100vw, 300px\" \/><\/figure>\n<p><\/p>\n<\/div>\n<p><\/p>\n<div class=\"wp-block-column is-vertically-aligned-center is-layout-flow wp-block-column-is-layout-flow\" style=\"flex-basis: 80%;\"> N\u00b017 Lait fruits de la passion<\/div>\n<p><\/p>\n<\/div>\n<p><\/p>\n<div class=\"wp-block-columns has-black-color has-ast-global-color-6-background-color has-text-color has-background is-layout-flex wp-container-core-columns-is-layout-28f84493 wp-block-columns-is-layout-flex\">\n<p><\/p>\n<div class=\"wp-block-column is-layout-flow wp-block-column-is-layout-flow\" style=\"flex-basis: 25%;\">\n<p><\/p>\n<figure class=\"wp-block-image aligncenter size-medium is-resized\"><img loading=\"lazy\" decoding=\"async\" class=\"alignnone wp-image-1448 \" style=\"width: 184px;\" src=\"https:\/\/mademoisellehel.fr\/eshop\/wp-content\/uploads\/2024\/10\/1722854685184-300x287.png\" alt=\"Blond\" width=\"300\" height=\"176\" \/><\/figure>\n<p><\/p>\n<\/div>\n<p><\/p>\n<div class=\"wp-block-column is-vertically-aligned-center is-layout-flow wp-block-column-is-layout-flow\" style=\"flex-basis: 80%;\"> N\u00b019 Blond (blanc caram\u00e9lis\u00e9), billes de biscuit souffl\u00e9 enrob\u00e9es chocolat lait caramel<\/div>\n<p><\/p>\n<\/div>\n<p><\/p>\n<div class=\"wp-block-columns has-black-color has-ast-global-color-6-background-color has-text-color has-background is-layout-flex wp-container-core-columns-is-layout-28f84493 wp-block-columns-is-layout-flex\">\n<p><\/p>\n<div class=\"wp-block-column is-layout-flow wp-block-column-is-layout-flow\" style=\"flex-basis: 25%;\">\n<p><\/p>\n<figure class=\"wp-block-image alignright size-medium\"><img loading=\"lazy\" decoding=\"async\" width=\"300\" height=\"240\" class=\"wp-image-624\" src=\"https:\/\/mademoisellehel.fr\/eshop\/wp-content\/uploads\/2023\/03\/20-300x240.png\" alt=\"\" srcset=\"https:\/\/mademoisellehel.fr\/eshop\/wp-content\/uploads\/2023\/03\/20-300x240.png 300w, https:\/\/mademoisellehel.fr\/eshop\/wp-content\/uploads\/2023\/03\/20-1024x821.png 1024w, https:\/\/mademoisellehel.fr\/eshop\/wp-content\/uploads\/2023\/03\/20-768x616.png 768w, https:\/\/mademoisellehel.fr\/eshop\/wp-content\/uploads\/2023\/03\/20-1536x1231.png 1536w, https:\/\/mademoisellehel.fr\/eshop\/wp-content\/uploads\/2023\/03\/20-600x481.png 600w, https:\/\/mademoisellehel.fr\/eshop\/wp-content\/uploads\/2023\/03\/20.png 1939w\" sizes=\"(max-width: 300px) 100vw, 300px\" \/><\/figure>\n<p><\/p>\n<\/div>\n<p><\/p>\n<div class=\"wp-block-column is-vertically-aligned-center is-layout-flow wp-block-column-is-layout-flow\" style=\"flex-basis: 80%;\"> N\u00b020 Blanc caviar de vanille <\/div>\n<p><\/p>\n<\/div>\n<p><\/p>\t\t\t\t\t\t\t\t<\/div>\n\t\t\t\t<\/div>\n\t\t\t\t\t<\/div>\n\t\t<\/div>\n\t\t\t\t\t<\/div>\n\t\t<\/section>\n\t\t\t\t<\/div>\n\t\t","protected":false},"excerpt":{"rendered":"<p>N\u00b01 Noir 70% pur Jama\u00efque (cuv\u00e9e rare) (tr\u00e8s doux, notes de fruits blanc, terreux) N\u00b02 Noir 72% pur Venezuela (d\u00e9licat et bois\u00e9) N\u00b03 Noir 74% pur Madagascar (cors\u00e9 , notes de fruits murs) N\u00b04 Noir 75% pur B\u00e9lize (acide, notes de fruits rouges tr\u00e8s prononc\u00e9es) N\u00b05 Noir 85% mariage d&#8217;Afrique de l&#8217;Ouest (peu amer, fort [&hellip;]<\/p>\n","protected":false},"author":2,"featured_media":0,"parent":0,"menu_order":0,"comment_status":"closed","ping_status":"closed","template":"","meta":{"site-sidebar-layout":"default","site-content-layout":"","ast-site-content-layout":"default","site-content-style":"default","site-sidebar-style":"default","ast-global-header-display":"","ast-banner-title-visibility":"","ast-main-header-display":"","ast-hfb-above-header-display":"","ast-hfb-below-header-display":"","ast-hfb-mobile-header-display":"","site-post-title":"","ast-breadcrumbs-content":"","ast-featured-img":"","footer-sml-layout":"","ast-disable-related-posts":"","theme-transparent-header-meta":"","adv-header-id-meta":"","stick-header-meta":"","header-above-stick-meta":"","header-main-stick-meta":"","header-below-stick-meta":"","astra-migrate-meta-layouts":"default","ast-page-background-enabled":"default","ast-page-background-meta":{"desktop":{"background-color":"var(--ast-global-color-4)","background-image":"","background-repeat":"repeat","background-position":"center center","background-size":"auto","background-attachment":"scroll","background-type":"","background-media":"","overlay-type":"","overlay-color":"","overlay-opacity":"","overlay-gradient":""},"tablet":{"background-color":"","background-image":"","background-repeat":"repeat","background-position":"center center","background-size":"auto","background-attachment":"scroll","background-type":"","background-media":"","overlay-type":"","overlay-color":"","overlay-opacity":"","overlay-gradient":""},"mobile":{"background-color":"","background-image":"","background-repeat":"repeat","background-position":"center center","background-size":"auto","background-attachment":"scroll","background-type":"","background-media":"","overlay-type":"","overlay-color":"","overlay-opacity":"","overlay-gradient":""}},"ast-content-background-meta":{"desktop":{"background-color":"var(--ast-global-color-5)","background-image":"","background-repeat":"repeat","background-position":"center center","background-size":"auto","background-attachment":"scroll","background-type":"","background-media":"","overlay-type":"","overlay-color":"","overlay-opacity":"","overlay-gradient":""},"tablet":{"background-color":"var(--ast-global-color-5)","background-image":"","background-repeat":"repeat","background-position":"center center","background-size":"auto","background-attachment":"scroll","background-type":"","background-media":"","overlay-type":"","overlay-color":"","overlay-opacity":"","overlay-gradient":""},"mobile":{"background-color":"var(--ast-global-color-5)","background-image":"","background-repeat":"repeat","background-position":"center center","background-size":"auto","background-attachment":"scroll","background-type":"","background-media":"","overlay-type":"","overlay-color":"","overlay-opacity":"","overlay-gradient":""}},"footnotes":""},"class_list":["post-600","page","type-page","status-publish","hentry"],"_links":{"self":[{"href":"https:\/\/mademoisellehel.fr\/eshop\/index.php\/wp-json\/wp\/v2\/pages\/600","targetHints":{"allow":["GET"]}}],"collection":[{"href":"https:\/\/mademoisellehel.fr\/eshop\/index.php\/wp-json\/wp\/v2\/pages"}],"about":[{"href":"https:\/\/mademoisellehel.fr\/eshop\/index.php\/wp-json\/wp\/v2\/types\/page"}],"author":[{"embeddable":true,"href":"https:\/\/mademoisellehel.fr\/eshop\/index.php\/wp-json\/wp\/v2\/users\/2"}],"replies":[{"embeddable":true,"href":"https:\/\/mademoisellehel.fr\/eshop\/index.php\/wp-json\/wp\/v2\/comments?post=600"}],"version-history":[{"count":38,"href":"https:\/\/mademoisellehel.fr\/eshop\/index.php\/wp-json\/wp\/v2\/pages\/600\/revisions"}],"predecessor-version":[{"id":1451,"href":"https:\/\/mademoisellehel.fr\/eshop\/index.php\/wp-json\/wp\/v2\/pages\/600\/revisions\/1451"}],"wp:attachment":[{"href":"https:\/\/mademoisellehel.fr\/eshop\/index.php\/wp-json\/wp\/v2\/media?parent=600"}],"curies":[{"name":"wp","href":"https:\/\/api.w.org\/{rel}","templated":true}]}}