{"id":501,"date":"2023-03-24T15:56:28","date_gmt":"2023-03-24T14:56:28","guid":{"rendered":"https:\/\/mademoisellehel.fr\/eshop\/?page_id=501"},"modified":"2023-03-25T13:42:15","modified_gmt":"2023-03-25T12:42:15","slug":"mentions-legales","status":"publish","type":"page","link":"https:\/\/mademoisellehel.fr\/eshop\/index.php\/mentions-legales\/","title":{"rendered":"Mentions l\u00e9gales"},"content":{"rendered":"\n<p><strong>SITE<\/strong><\/p>\n\n\n\n<p><a href=\"https:\/\/www.mademoisellehel.fr\">https:\/\/www.mademoisellehel.fr<\/a><\/p>\n\n\n\n<p><strong>EDITEUR<\/strong><\/p>\n\n\n\n<p>Mademoiselle Hel,<\/p>\n\n\n\n<p>EURL immatricul\u00e9e au Registre des commerces et des soci\u00e9t\u00e9s de CAEN sous le num\u00e9ro 912 803 798 00020<\/p>\n\n\n\n<p>ayant son si\u00e8ge social 68 rue d&#8217;Auge 14000 Caen<\/p>\n\n\n\n<p>Soumisse \u00e0 la TVA <\/p>\n\n\n\n<p>T\u00e9l : 07 60 85 82 09 &#8211;<\/p>\n\n\n\n<p>E-mail : mademoisellehel@hotmail.com<\/p>\n\n\n\n<p>La directrice de la publication est Madame MALHURET H\u00e9l\u00e8ne, en sa qualit\u00e9 de chef de l\u2019entreprise.<\/p>\n\n\n\n<p><strong>CONCEPTION ET REALISATION DU SITE E-COMMERCE<\/strong><\/p>\n\n\n\n<p>Site Woocommerce<\/p>\n\n\n\n<p>R\u00e9alis\u00e9 par St\u00e9phan Leroy en sa qualit\u00e9 de webmaster.<\/p>\n\n\n\n<p><strong>H\u00c9BERGEMENT DU SITE<\/strong><\/p>\n\n\n\n<p>Le site Mademoiselle Hel est h\u00e9berg\u00e9 par HOSTINGER, dont le si\u00e8ge social est situ\u00e9 HOSTINGER INTERNATIONAL LTD, 61 Lordou Vironos Street, 6023 Larnaca, Chypre, joignable par le moyen suivant : <a href=\"https:\/\/www.hostinger.fr\/contact\" target=\"_blank\" rel=\"noreferrer noopener\">https:\/\/www.hostinger.fr\/contact<\/a>.<\/p>\n\n\n\n<p><strong>CONDITIONS D\u2019UTILISATION DU SITE<\/strong><\/p>\n\n\n\n<p>L\u2019acc\u00e8s au Site ainsi que son utilisation constituent une acceptation sans r\u00e9serve des conditions d\u2019utilisation d\u00e9crites ci-apr\u00e8s<\/p>\n\n\n\n<p><strong>DROITS DE PROPRIETE INTELLECTUELLE ATTACH\u00c9S AU SITE<\/strong><\/p>\n\n\n\n<p>L\u2019entreprise Mademoiselle Hel est titulaire du nom de domaine \u201c mademoisellehel.fr \u201d<\/p>\n\n\n\n<p>Le Site est une \u0153uvre de l&#8217;esprit prot\u00e9g\u00e9e par la l\u00e9gislation relative \u00e0 la Propri\u00e9t\u00e9 Intellectuelle. Le Site et chacun des \u00e9l\u00e9ments qui le composent (tels que marques, logos, photographies, images, illustrations, textes, vid\u00e9os &#8230;) sont la propri\u00e9t\u00e9 exclusive de l\u2019entreprise Mademoiselle Hel, seule habilit\u00e9e \u00e0 utiliser les droits de la propri\u00e9t\u00e9 intellectuelle et droits de la personnalit\u00e9 y aff\u00e9rents.<\/p>\n\n\n\n<p>Toute reproduction, repr\u00e9sentation, utilisation int\u00e9grale ou partielle, du Site ou l&#8217;un des quelconques \u00e9l\u00e9ments qui le composent sur quelque support que ce soit, et sous quelque forme que ce soit, \u00e0 d&#8217;autres fins et notamment commerciales est express\u00e9ment interdite.<\/p>\n\n\n\n<p>Toute demande d\u2019autorisation aux fins de reproduction et\/ou de repr\u00e9sentation du Site devra \u00eatre adress\u00e9e \u00e0 l\u2019entreprise Mademoiselle Hel.<\/p>\n\n\n\n<p><strong>LIENS HYPERTEXTES<\/strong><\/p>\n\n\n\n<p>La cr\u00e9ation de liens hypertextes vers le Site ne peut \u00eatre r\u00e9alis\u00e9e qu&#8217;avec l&#8217;autorisation \u00e9crite et pr\u00e9alable de Mademoiselle Hel, qui pourra la r\u00e9voquer \u00e0 tout moment.<\/p>\n\n\n\n<p>L\u2019entreprise Mademoiselle Hel, ne contr\u00f4lant pas tous les sites reli\u00e9s au sien, d\u00e9cline par cons\u00e9quent toute responsabilit\u00e9 concernant l\u2019acc\u00e8s, le contenu, la publicit\u00e9, les produits ou services disponibles sur ou \u00e0 partir de ces sites.<\/p>\n\n\n\n<p><strong>LIMITES DE RESPONSABILIT\u00c9<\/strong><\/p>\n\n\n\n<p>L\u2019entreprise Mademoiselle Hel d\u00e9cline toute responsabilit\u00e9 en cas de survenance de bogues, ou de tout dommage r\u00e9sultant d&#8217;une intrusion frauduleuse d&#8217;un tiers ayant entra\u00een\u00e9 une modification des informations mises \u00e0 la disposition sur le Site. L\u2019entreprise Mademoiselle Hel ne peut \u00eatre tenue pour responsable d\u2019un quelconque dommage direct ou indirect quelle qu&#8217;en soit la cause, origine, nature ou cons\u00e9quence qui pourrait \u00eatre caus\u00e9 suite \u00e0 l\u2019acc\u00e8s, la consultation et\/ou l\u2019utilisation du pr\u00e9sent Site.<\/p>\n\n\n\n<p><strong>INDISPONIBILITE DU SITE<\/strong><\/p>\n\n\n\n<p>L\u2019entreprise Mademoiselle Hel s&#8217;efforce de maintenir accessible le Site, sans pour autant \u00eatre tenue \u00e0 une obligation d&#8217;y parvenir. N\u00e9anmoins, des op\u00e9rations de maintenance, de mise \u00e0 jour ou toutes autres op\u00e9rations d\u2019ordre technique pourront interrompre l\u2019acc\u00e8s au Site. L\u2019entreprise Mademoiselle Hel ne pourra \u00eatre tenue responsable, en cas d&#8217;interruption ou d\u2019inaccessibilit\u00e9 du Site, pour quelque raison que ce soit.<\/p>\n\n\n\n<p><strong>UTILISATION DE COOKIES<\/strong><\/p>\n\n\n\n<p>L\u2019entreprise Mademoiselle Hel peut utiliser des cookies sur le Site. Ces fichiers sont stock\u00e9s sur l\u2019ordinateur de l\u2019utilisateur et peut enregistrer des informations relatives \u00e0 la navigation de l\u2019utilisateur sur le Site.<\/p>\n\n\n\n<p><strong>MODIFICATION DU SITE ET DES MENTIONS LEGALES<\/strong><\/p>\n\n\n\n<p>L\u2019entreprise Mademoiselle Hel vous informe qu\u2019elle se r\u00e9serve le droit de modifier, \u00e0 tout moment, le contenu du Site mais \u00e9galement les pr\u00e9sentes mentions l\u00e9gales. L\u2019Utilisateur sera r\u00e9put\u00e9 avoir accept\u00e9 sans r\u00e9serve les nouvelles mentions l\u00e9gales lors de son acc\u00e8s au Site post\u00e9rieurement \u00e0 leur mise en ligne.<\/p>\n\n\n\n<p><strong>DROIT APPLICABLE \u2013 LITIGES<\/strong><\/p>\n\n\n\n<p>Le Site et les pr\u00e9sentes mentions l\u00e9gales sont soumis au droit fran\u00e7ais.<\/p>\n\n\n\n<p>Tout litige relatif au Site sera soumis \u00e0 la comp\u00e9tence exclusive des tribunaux fran\u00e7ais.<\/p>\n\n\n\n<p><strong>CREDITS<\/strong><\/p>\n\n\n\n<p>Cr\u00e9dits photographiques : Entreprise Mademoiselle Hel<\/p>\n\n\n\n<p>Logo &amp; identit\u00e9 : Entreprise Mademoiselle Hel<\/p>\n","protected":false},"excerpt":{"rendered":"<p>SITE https:\/\/www.mademoisellehel.fr EDITEUR Mademoiselle Hel, EURL immatricul\u00e9e au Registre des commerces et des soci\u00e9t\u00e9s de CAEN sous le num\u00e9ro 912 803 798 00020 ayant son si\u00e8ge social 68 rue d&#8217;Auge 14000 Caen Soumisse \u00e0 la TVA T\u00e9l : 07 60 85 82 09 &#8211; E-mail : mademoisellehel@hotmail.com La directrice de la publication est Madame MALHURET [&hellip;]<\/p>\n","protected":false},"author":2,"featured_media":0,"parent":0,"menu_order":0,"comment_status":"closed","ping_status":"closed","template":"","meta":{"site-sidebar-layout":"default","site-content-layout":"","ast-site-content-layout":"default","site-content-style":"default","site-sidebar-style":"default","ast-global-header-display":"","ast-banner-title-visibility":"","ast-main-header-display":"","ast-hfb-above-header-display":"","ast-hfb-below-header-display":"","ast-hfb-mobile-header-display":"","site-post-title":"","ast-breadcrumbs-content":"","ast-featured-img":"","footer-sml-layout":"","ast-disable-related-posts":"","theme-transparent-header-meta":"","adv-header-id-meta":"","stick-header-meta":"","header-above-stick-meta":"","header-main-stick-meta":"","header-below-stick-meta":"","astra-migrate-meta-layouts":"default","ast-page-background-enabled":"default","ast-page-background-meta":{"desktop":{"background-color":"var(--ast-global-color-4)","background-image":"","background-repeat":"repeat","background-position":"center center","background-size":"auto","background-attachment":"scroll","background-type":"","background-media":"","overlay-type":"","overlay-color":"","overlay-opacity":"","overlay-gradient":""},"tablet":{"background-color":"","background-image":"","background-repeat":"repeat","background-position":"center center","background-size":"auto","background-attachment":"scroll","background-type":"","background-media":"","overlay-type":"","overlay-color":"","overlay-opacity":"","overlay-gradient":""},"mobile":{"background-color":"","background-image":"","background-repeat":"repeat","background-position":"center center","background-size":"auto","background-attachment":"scroll","background-type":"","background-media":"","overlay-type":"","overlay-color":"","overlay-opacity":"","overlay-gradient":""}},"ast-content-background-meta":{"desktop":{"background-color":"var(--ast-global-color-5)","background-image":"","background-repeat":"repeat","background-position":"center center","background-size":"auto","background-attachment":"scroll","background-type":"","background-media":"","overlay-type":"","overlay-color":"","overlay-opacity":"","overlay-gradient":""},"tablet":{"background-color":"var(--ast-global-color-5)","background-image":"","background-repeat":"repeat","background-position":"center center","background-size":"auto","background-attachment":"scroll","background-type":"","background-media":"","overlay-type":"","overlay-color":"","overlay-opacity":"","overlay-gradient":""},"mobile":{"background-color":"var(--ast-global-color-5)","background-image":"","background-repeat":"repeat","background-position":"center center","background-size":"auto","background-attachment":"scroll","background-type":"","background-media":"","overlay-type":"","overlay-color":"","overlay-opacity":"","overlay-gradient":""}},"footnotes":""},"class_list":["post-501","page","type-page","status-publish","hentry"],"_links":{"self":[{"href":"https:\/\/mademoisellehel.fr\/eshop\/index.php\/wp-json\/wp\/v2\/pages\/501","targetHints":{"allow":["GET"]}}],"collection":[{"href":"https:\/\/mademoisellehel.fr\/eshop\/index.php\/wp-json\/wp\/v2\/pages"}],"about":[{"href":"https:\/\/mademoisellehel.fr\/eshop\/index.php\/wp-json\/wp\/v2\/types\/page"}],"author":[{"embeddable":true,"href":"https:\/\/mademoisellehel.fr\/eshop\/index.php\/wp-json\/wp\/v2\/users\/2"}],"replies":[{"embeddable":true,"href":"https:\/\/mademoisellehel.fr\/eshop\/index.php\/wp-json\/wp\/v2\/comments?post=501"}],"version-history":[{"count":4,"href":"https:\/\/mademoisellehel.fr\/eshop\/index.php\/wp-json\/wp\/v2\/pages\/501\/revisions"}],"predecessor-version":[{"id":528,"href":"https:\/\/mademoisellehel.fr\/eshop\/index.php\/wp-json\/wp\/v2\/pages\/501\/revisions\/528"}],"wp:attachment":[{"href":"https:\/\/mademoisellehel.fr\/eshop\/index.php\/wp-json\/wp\/v2\/media?parent=501"}],"curies":[{"name":"wp","href":"https:\/\/api.w.org\/{rel}","templated":true}]}}